{"id":50,"date":"2025-04-10T16:26:43","date_gmt":"2025-04-10T16:26:43","guid":{"rendered":"https:\/\/cfaebi.pt\/rumo\/sobre\/"},"modified":"2026-03-09T22:23:39","modified_gmt":"2026-03-09T22:23:39","slug":"projeto","status":"publish","type":"page","link":"https:\/\/cfaebi.pt\/rumo\/projeto\/","title":{"rendered":"O Projeto"},"content":{"rendered":"\n  \n    \n    <section class=\"u-clearfix u-section-2\" id=\"block-1\">\n      <div class=\"u-clearfix u-sheet u-sheet-1\">\n        <h3 class=\"u-text u-text-default u-text-1\"> O Projeto<\/h3>\n        <div class=\"u-shape u-shape-svg u-text-palette-1-base u-shape-1\">\n          <svg class=\"u-svg-link\" preserveAspectRatio=\"none\" viewBox=\"0 0 160 40\" style=\"\"><use xlink:href=\"#svg-893c\"><\/use><\/svg>\n          <svg class=\"u-svg-content\" viewBox=\"0 0 160 40\" x=\"0px\" y=\"0px\" id=\"svg-893c\"><path d=\"M60,20C60,9.1,69.1,0,80,0s20,9.1,20,20s-9.1,20-20,20S60,30.9,60,20z M0,20C0,9.1,9.1,0,20,0s20,9.1,20,20s-9.1,20-20,20\n\tS0,30.9,0,20z M120,20c0-10.9,9.1-20,20-20s20,9.1,20,20s-9.1,20-20,20S120,30.9,120,20z\"><\/path><\/svg>\n        <\/div>\n        <div class=\"u-border-1 u-border-grey-dark-1 u-line u-line-horizontal u-line-1\"><\/div>\n      <\/div>\n    <\/section>\n    <section class=\"u-clearfix u-section-3\" id=\"sec-cb55\">\n      <div class=\"u-clearfix u-sheet u-valign-middle-lg u-valign-middle-md u-valign-middle-sm u-valign-middle-xl u-valign-middle-xs u-sheet-1\">\n        <h3 class=\"u-align-center u-text u-text-default u-text-1\">A nossa miss\u00e3o<\/h3>\n        <p class=\"u-align-justify u-text u-text-2\"> O Projeto RUMO tem como miss\u00e3o&nbsp;promover a integra\u00e7\u00e3o plena e o sucesso educativo de alunos migrantes, atrav\u00e9s de uma abordagem inclusiva, humana e inovadora, que valoriza a diversidade lingu\u00edstica, cultural e social nas escolas da Beira Interior. Pretende-se criar comunidades escolares acolhedoras, que garantam o desenvolvimento integral de cada aluno, assegurando-lhe as condi\u00e7\u00f5es necess\u00e1rias para crescer, aprender e participar ativamente, com dignidade e igualdade de oportunidades. O projeto visa ainda fortalecer o papel dos professores e mediadores culturais como agentes de mudan\u00e7a, fomentando pr\u00e1ticas pedag\u00f3gicas colaborativas e interculturais que respondam \u00e0s especificidades de cada contexto escolar.<\/p>\n      <\/div>\n    <\/section>\n    \n    \n    \n  \n","protected":false},"excerpt":{"rendered":"<p>O Projeto A nossa miss\u00e3o O Projeto RUMO tem como miss\u00e3o&nbsp;promover a integra\u00e7\u00e3o plena e o sucesso educativo de alunos migrantes, atrav\u00e9s de uma abordagem inclusiva, humana e inovadora, que valoriza a diversidade lingu\u00edstica, cultural e social nas escolas da Beira Interior. Pretende-se criar comunidades escolares acolhedoras, que garantam o desenvolvimento integral de cada aluno, &hellip; <a href=\"https:\/\/cfaebi.pt\/rumo\/projeto\/\" class=\"more-link\">Continue reading<span class=\"screen-reader-text\"> &#8220;O Projeto&#8221;<\/span><\/a><\/p>\n","protected":false},"author":1,"featured_media":0,"parent":0,"menu_order":1,"comment_status":"closed","ping_status":"closed","template":"","meta":{"pagelayer_contact_templates":[],"_pagelayer_content":"","footnotes":""},"class_list":["post-50","page","type-page","status-publish","hentry"],"_links":{"self":[{"href":"https:\/\/cfaebi.pt\/rumo\/wp-json\/wp\/v2\/pages\/50","targetHints":{"allow":["GET"]}}],"collection":[{"href":"https:\/\/cfaebi.pt\/rumo\/wp-json\/wp\/v2\/pages"}],"about":[{"href":"https:\/\/cfaebi.pt\/rumo\/wp-json\/wp\/v2\/types\/page"}],"author":[{"embeddable":true,"href":"https:\/\/cfaebi.pt\/rumo\/wp-json\/wp\/v2\/users\/1"}],"replies":[{"embeddable":true,"href":"https:\/\/cfaebi.pt\/rumo\/wp-json\/wp\/v2\/comments?post=50"}],"version-history":[{"count":6,"href":"https:\/\/cfaebi.pt\/rumo\/wp-json\/wp\/v2\/pages\/50\/revisions"}],"predecessor-version":[{"id":812,"href":"https:\/\/cfaebi.pt\/rumo\/wp-json\/wp\/v2\/pages\/50\/revisions\/812"}],"wp:attachment":[{"href":"https:\/\/cfaebi.pt\/rumo\/wp-json\/wp\/v2\/media?parent=50"}],"curies":[{"name":"wp","href":"https:\/\/api.w.org\/{rel}","templated":true}]}}