{"id":758,"date":"2026-03-09T13:06:24","date_gmt":"2026-03-09T13:06:24","guid":{"rendered":"https:\/\/cfaebi.pt\/rumo\/?page_id=758"},"modified":"2026-03-12T20:17:12","modified_gmt":"2026-03-12T20:17:12","slug":"observatorio-dos-alunos-migrantes-na-beira-interior","status":"publish","type":"page","link":"https:\/\/cfaebi.pt\/rumo\/observatorio-dos-alunos-migrantes-na-beira-interior\/","title":{"rendered":"Observat\u00f3rio dos Alunos Migrantes na Beira Interior"},"content":{"rendered":"\n  \n    \n    <section class=\"u-clearfix u-section-2\" id=\"block-1\">\n      <div class=\"u-clearfix u-sheet u-sheet-1\">\n        <h3 class=\"u-text u-text-default u-text-1\">Observat\u00f3rio dos Alunos Migrantes da Beira Interior <\/h3>\n        <div class=\"u-shape u-shape-svg u-text-palette-1-base u-shape-1\">\n          <svg class=\"u-svg-link\" preserveAspectRatio=\"none\" viewBox=\"0 0 160 40\" style=\"\"><use xlink:href=\"#svg-893c\"><\/use><\/svg>\n          <svg class=\"u-svg-content\" viewBox=\"0 0 160 40\" x=\"0px\" y=\"0px\" id=\"svg-893c\"><path d=\"M60,20C60,9.1,69.1,0,80,0s20,9.1,20,20s-9.1,20-20,20S60,30.9,60,20z M0,20C0,9.1,9.1,0,20,0s20,9.1,20,20s-9.1,20-20,20\n\tS0,30.9,0,20z M120,20c0-10.9,9.1-20,20-20s20,9.1,20,20s-9.1,20-20,20S120,30.9,120,20z\"><\/path><\/svg>\n        <\/div>\n        <div class=\"u-align-left-lg u-align-left-md u-align-left-sm u-align-left-xl u-align-left-xxl u-border-1 u-border-grey-dark-1 u-expanded-width-xs u-line u-line-horizontal u-line-1\"><\/div>\n        <p class=\"u-align-justify u-text u-text-2\">Estes dados s\u00e3o recolhidos, periodicamente, a partir das matr\u00edculas dos alunos migrantes, em cada Unidade Org\u00e2nica.&nbsp;<\/p>\n      <\/div>\n    <\/section>\n    <section class=\"u-align-center u-clearfix u-container-align-center u-grey-90 u-valign-middle-lg u-valign-middle-md u-valign-middle-xl u-section-3\" id=\"sec-c4b4\">\n      <div class=\"u-align-center-xs u-container-style u-expanded-width u-grey-5 u-group u-group-1\">\n        <div class=\"u-container-layout u-container-layout-1\">\n          <div class=\"u-expanded-width u-palette-1-base u-shape u-shape-rectangle u-shape-1\"><\/div>\n          <h4 class=\"u-text u-text-white u-text-1\">Unidades Org\u00e2nicas <\/h4>\n          <div class=\"u-border-7 u-border-white u-line u-line-horizontal u-line-1\"><\/div>\n          <a href=\"https:\/\/cfaebi.pt\/rumo\/observatorio-dos-alunos-migrantes-na-beira-interior\/frei_heitor_pinto\/\" class=\"u-align-center-xs u-border-2 u-border-hover-palette-1-base u-border-palette-1-base u-btn u-btn-round u-button-style u-hover-palette-1-base u-none u-radius u-btn-1\">Dados do Agrupamento de&nbsp;<br>Escolas frei heitor pinto\n          <\/a>\n          <a href=\"https:\/\/cfaebi.pt\/rumo\/observatorio-dos-alunos-migrantes-na-beira-interior\/agrupamento-de-escolas-teixoso\/\" class=\"u-align-center-xs u-border-2 u-border-hover-palette-1-base u-border-palette-1-base u-btn u-btn-round u-button-style u-hover-palette-1-base u-none u-radius u-btn-2\">Dados do Agrupamento de&nbsp;<br>Escolas do teixoso\n          <\/a>\n          <a href=\"https:\/\/cfaebi.pt\/rumo\/observatorio-dos-alunos-migrantes-na-beira-interior\/palmeiras\/\" class=\"u-align-center-xs u-border-2 u-border-hover-palette-1-base u-border-palette-1-base u-btn u-btn-round u-button-style u-hover-palette-1-base u-none u-radius u-btn-3\">Dados da escola secund\u00e1ria&nbsp;<br>quinta das palmeiras<br>\n          <\/a>\n          <a href=\"https:\/\/cfaebi.pt\/rumo\/observatorio-dos-alunos-migrantes-na-beira-interior\/agrupamento-de-escolas-gardunha\/\" class=\"u-align-center-xs u-border-2 u-border-hover-palette-1-base u-border-palette-1-base u-btn u-btn-round u-button-style u-hover-palette-1-base u-none u-radius u-btn-4\">Dados do Agrupamento de&nbsp;<br>escolas Gardunha e Xisto\n          <\/a>\n          <a href=\"https:\/\/cfaebi.pt\/rumo\/observatorio-dos-alunos-migrantes-na-beira-interior\/campos_melo\/\" class=\"u-align-center-xs u-border-2 u-border-hover-palette-1-base u-border-palette-1-base u-btn u-btn-round u-button-style u-hover-palette-1-base u-none u-radius u-btn-5\">Dados da escola secund\u00e1ria&nbsp;<br>campos melo<br>\n          <\/a>\n          <a href=\"https:\/\/cfaebi.pt\/rumo\/observatorio-dos-alunos-migrantes-na-beira-interior\/agrupamento-de-escolas-manteigas\/\" class=\"u-align-center-xs u-border-2 u-border-hover-palette-1-base u-border-palette-1-base u-btn u-btn-round u-button-style u-hover-palette-1-base u-none u-radius u-btn-6\">Dados do agrupamento de&nbsp;<br>escolas de manteigas\n          <\/a>\n          <a href=\"https:\/\/cfaebi.pt\/rumo\/observatorio-dos-alunos-migrantes-na-beira-interior\/agrupamento-de-escolas-belmonte\/\" class=\"u-align-center-xs u-border-2 u-border-hover-palette-1-base u-border-palette-1-base u-btn u-btn-round u-button-style u-hover-palette-1-base u-none u-radius u-btn-7\">Dados do Agrupamento de<br>escolas Pedro \u00e0lvares cabral\n          <\/a>\n          <a href=\"https:\/\/cfaebi.pt\/rumo\/observatorio-dos-alunos-migrantes-na-beira-interior\/agrupamento-de-escolas-pero-da-covilha\/\" class=\"u-align-center-xs u-border-2 u-border-hover-palette-1-base u-border-palette-1-base u-btn u-btn-round u-button-style u-hover-palette-1-base u-none u-radius u-btn-8\">Dados do Agrupamento&nbsp;<br>P\u00earo da Covilh\u00e3\n          <\/a>\n          <a href=\"https:\/\/cfaebi.pt\/rumo\/observatorio-dos-alunos-migrantes-na-beira-interior\/agrupamento-de-escolas-fundao\/\" class=\"u-align-center-xs u-border-2 u-border-hover-palette-1-base u-border-palette-1-base u-btn u-btn-round u-button-style u-hover-palette-1-base u-none u-radius u-btn-9\">Dados do Agrupamento de&nbsp;<br>escolas do fund\u00e3o\n          <\/a>\n          <a href=\"https:\/\/cfaebi.pt\/rumo\/observatorio-dos-alunos-migrantes-na-beira-interior\/escola-profissional-e-agricola-quinta-da-lageosa\/\" class=\"u-align-center-xs u-border-2 u-border-hover-palette-1-base u-border-palette-1-base u-btn u-btn-round u-button-style u-hover-palette-1-base u-none u-radius u-btn-10\"> Escola Profissional e&nbsp;<br>Agr\u00edcola&nbsp;Quinta da Lageosa\n          <\/a>\n          <a href=\"https:\/\/cfaebi.pt\/rumo\/observatorio-dos-alunos-migrantes-na-beira-interior\/agrupamento-de-escolas-a-la-e-a-neve\/\" class=\"u-align-center-xs u-border-2 u-border-hover-palette-1-base u-border-palette-1-base u-btn u-btn-round u-button-style u-hover-palette-1-base u-none u-radius u-btn-11\">Dados do Agrupamento de&nbsp;<br>escolas A l\u00e3 e a neve\n          <\/a>\n          <a href=\"https:\/\/cfaebi.pt\/rumo\/observatorio-dos-alunos-migrantes-na-beira-interior\/universidade-de-beira-interior\/\" class=\"u-align-center-xs u-border-2 u-border-hover-palette-1-base u-border-palette-1-base u-btn u-btn-round u-button-style u-hover-palette-1-base u-none u-radius u-btn-12\">Dados da universidade da&nbsp;<br>beira interior\n          <\/a>\n        <\/div>\n      <\/div>\n    <\/section>\n    <section class=\"u-clearfix u-custom-color-2 u-valign-middle-lg u-valign-middle-md u-valign-middle-sm u-valign-middle-xs u-section-4\" id=\"block-4\">\n      <div class=\"u-clearfix u-sheet u-valign-middle-md u-valign-middle-xs u-valign-top-xxl u-sheet-1\">\n        <div class=\"u-carousel u-expanded-width u-gallery u-layout-thumbnails u-lightbox u-no-transition u-show-text-always u-gallery-1\" data-interval=\"5000\" data-u-ride=\"carousel\" id=\"carousel-6b19\">\n          <div class=\"u-carousel-inner u-gallery-inner u-gallery-inner-1\" role=\"listbox\">\n            <div class=\"u-active u-carousel-item u-gallery-item u-carousel-item-1\">\n              <div class=\"u-back-slide\" data-image-width=\"2400\" data-image-height=\"1350\">\n                <img decoding=\"async\" class=\"u-back-image u-expanded u-image-contain\" src=\"https:\/\/cfaebi.pt\/rumo\/wp-content\/uploads\/2026\/03\/1_Visao-globaAlunos-Migrantes-Estabelecimentos-de-Ensino-1.png\">\n              <\/div>\n              <div class=\"u-over-slide u-over-slide-1\">\n                <h3 class=\"u-gallery-heading\">Amostra de T\u00edtulo<\/h3>\n                <p class=\"u-gallery-text\">Amostra de Texto<\/p>\n              <\/div>\n            <\/div>\n            <div class=\"u-carousel-item u-gallery-item u-carousel-item-2\">\n              <div class=\"u-back-slide\" data-image-width=\"2400\" data-image-height=\"2308\">\n                <img decoding=\"async\" class=\"u-back-image u-expanded u-image-contain\" src=\"https:\/\/cfaebi.pt\/rumo\/wp-content\/uploads\/2026\/03\/2_Alunos-Migrantes-por-Estabelecimento-1.png\">\n              <\/div>\n              <div class=\"u-over-slide u-over-slide-2\">\n                <h3 class=\"u-gallery-heading\">Amostra de T\u00edtulo<\/h3>\n                <p class=\"u-gallery-text\">Amostra de Texto<\/p>\n              <\/div>\n            <\/div>\n            <div class=\"u-carousel-item u-gallery-item u-carousel-item-3\" data-image-width=\"2400\" data-image-height=\"2298\">\n              <div class=\"u-back-slide\">\n                <img decoding=\"async\" class=\"u-back-image u-expanded u-image-contain\" src=\"https:\/\/cfaebi.pt\/rumo\/wp-content\/uploads\/2026\/03\/3_Percentagem-de-Alunos-Migrantes-por-Estabelecimento-1.png\">\n              <\/div>\n              <div class=\"u-over-slide u-over-slide-3\"><\/div>\n              <style data-mode=\"XXL\" data-visited=\"true\"><\/style>\n              <style data-mode=\"XL\"><\/style>\n              <style data-mode=\"LG\"><\/style>\n              <style data-mode=\"MD\"><\/style>\n              <style data-mode=\"SM\"><\/style>\n              <style data-mode=\"XS\"><\/style>\n            <\/div>\n            <div class=\"u-carousel-item u-gallery-item u-carousel-item-4\" data-image-width=\"2400\" data-image-height=\"1992\">\n              <div class=\"u-back-slide\">\n                <img decoding=\"async\" class=\"u-back-image u-expanded\" src=\"https:\/\/cfaebi.pt\/rumo\/wp-content\/uploads\/2026\/03\/4_Distribuicao-de-Alunos-Migrantes-por-Estabelecimento-1.png\">\n              <\/div>\n              <div class=\"u-over-slide u-over-slide-4\"><\/div>\n              <style data-mode=\"XXL\" data-visited=\"true\"><\/style>\n              <style data-mode=\"XL\"><\/style>\n              <style data-mode=\"LG\"><\/style>\n              <style data-mode=\"MD\"><\/style>\n              <style data-mode=\"SM\"><\/style>\n              <style data-mode=\"XS\"><\/style>\n            <\/div>\n            <div class=\"u-carousel-item u-gallery-item u-carousel-item-5\" data-image-width=\"2400\" data-image-height=\"1350\">\n              <div class=\"u-back-slide\">\n                <img decoding=\"async\" class=\"u-back-image u-expanded u-image-contain\" src=\"https:\/\/cfaebi.pt\/rumo\/wp-content\/uploads\/2026\/03\/5_Destaques-Percentagens-Mais-Elevadas-1-1.png\">\n              <\/div>\n              <div class=\"u-over-slide u-over-slide-5\"><\/div>\n              <style data-mode=\"XXL\" data-visited=\"true\"><\/style>\n              <style data-mode=\"XL\"><\/style>\n              <style data-mode=\"LG\"><\/style>\n              <style data-mode=\"MD\"><\/style>\n              <style data-mode=\"SM\"><\/style>\n              <style data-mode=\"XS\"><\/style>\n            <\/div>\n            <div class=\"u-carousel-item u-gallery-item u-carousel-item-6\" data-image-width=\"2400\" data-image-height=\"1350\">\n              <div class=\"u-back-slide\">\n                <img decoding=\"async\" class=\"u-back-image u-expanded u-image-contain\" src=\"https:\/\/cfaebi.pt\/rumo\/wp-content\/uploads\/2026\/03\/6_Alunos-Migrantes-por-Concelho-1-1.png\">\n              <\/div>\n              <div class=\"u-over-slide u-over-slide-6\"><\/div>\n              <style data-mode=\"XXL\" data-visited=\"true\"><\/style>\n              <style data-mode=\"XL\"><\/style>\n              <style data-mode=\"LG\"><\/style>\n              <style data-mode=\"MD\"><\/style>\n              <style data-mode=\"SM\"><\/style>\n              <style data-mode=\"XS\"><\/style>\n            <\/div>\n            <div class=\"u-carousel-item u-gallery-item u-carousel-item-7\" data-image-width=\"2400\" data-image-height=\"1818\">\n              <div class=\"u-back-slide\">\n                <img decoding=\"async\" class=\"u-back-image u-expanded u-image-contain\" src=\"https:\/\/cfaebi.pt\/rumo\/wp-content\/uploads\/2026\/03\/7_Distribuicao-de-Alunos-Migrantes-por-Concelho-1.png\">\n              <\/div>\n              <div class=\"u-over-slide u-over-slide-7\"><\/div>\n              <style data-mode=\"XXL\" data-visited=\"true\"><\/style>\n              <style data-mode=\"XL\"><\/style>\n              <style data-mode=\"LG\"><\/style>\n              <style data-mode=\"MD\"><\/style>\n              <style data-mode=\"SM\"><\/style>\n              <style data-mode=\"XS\"><\/style>\n            <\/div>\n            <div class=\"u-carousel-item u-gallery-item u-carousel-item-8\" data-image-width=\"2400\" data-image-height=\"1350\">\n              <div class=\"u-back-slide\">\n                <img decoding=\"async\" class=\"u-back-image u-expanded u-image-contain\" src=\"https:\/\/cfaebi.pt\/rumo\/wp-content\/uploads\/2026\/03\/8_Nota-sobre-a-UBI-Dois-Grupos-de-Alunos-1-1.png\">\n              <\/div>\n              <div class=\"u-over-slide u-over-slide-8\"><\/div>\n              <style data-mode=\"XXL\" data-visited=\"true\"><\/style>\n              <style data-mode=\"XL\"><\/style>\n              <style data-mode=\"LG\"><\/style>\n              <style data-mode=\"MD\"><\/style>\n              <style data-mode=\"SM\"><\/style>\n              <style data-mode=\"XS\"><\/style>\n            <\/div>\n            <div class=\"u-carousel-item u-gallery-item u-carousel-item-9\" data-image-width=\"2400\" data-image-height=\"2184\">\n              <div class=\"u-back-slide\">\n                <img decoding=\"async\" class=\"u-back-image u-expanded u-image-contain\" src=\"https:\/\/cfaebi.pt\/rumo\/wp-content\/uploads\/2026\/03\/9_Percentagem-de-Alunos-Migrantes-por-Concelho-1.png\">\n              <\/div>\n              <div class=\"u-over-slide u-over-slide-9\"><\/div>\n              <style data-mode=\"XXL\" data-visited=\"true\"><\/style>\n              <style data-mode=\"XL\"><\/style>\n              <style data-mode=\"LG\"><\/style>\n              <style data-mode=\"MD\"><\/style>\n              <style data-mode=\"SM\"><\/style>\n              <style data-mode=\"XS\"><\/style>\n            <\/div>\n            <div class=\"u-carousel-item u-gallery-item u-carousel-item-10\" data-image-width=\"2400\" data-image-height=\"1544\">\n              <div class=\"u-back-slide\">\n                <img decoding=\"async\" class=\"u-back-image u-expanded u-image-contain\" src=\"https:\/\/cfaebi.pt\/rumo\/wp-content\/uploads\/2026\/03\/10_Sintese-Global-1-1.png\">\n              <\/div>\n              <div class=\"u-over-slide u-over-slide-10\"><\/div>\n              <style data-mode=\"XXL\" data-visited=\"true\"><\/style>\n              <style data-mode=\"XL\"><\/style>\n              <style data-mode=\"LG\"><\/style>\n              <style data-mode=\"MD\"><\/style>\n              <style data-mode=\"SM\"><\/style>\n              <style data-mode=\"XS\"><\/style>\n            <\/div>\n          <\/div>\n          <a class=\"u-absolute-vcenter u-carousel-control u-carousel-control-prev u-icon-circle u-opacity u-opacity-70 u-palette-2-dark-2 u-spacing-10 u-text-white u-carousel-control-1\" href=\"#carousel-6b19\" role=\"button\" data-u-slide=\"prev\"><span aria-hidden=\"true\">\n              <svg viewBox=\"0 0 451.847 451.847\"><path d=\"M97.141,225.92c0-8.095,3.091-16.192,9.259-22.366L300.689,9.27c12.359-12.359,32.397-12.359,44.751,0\nc12.354,12.354,12.354,32.388,0,44.748L173.525,225.92l171.903,171.909c12.354,12.354,12.354,32.391,0,44.744\nc-12.354,12.365-32.386,12.365-44.745,0l-194.29-194.281C100.226,242.115,97.141,234.018,97.141,225.92z\"><\/path><\/svg><\/span><span class=\"sr-only\">\n              <svg viewBox=\"0 0 451.847 451.847\"><path d=\"M97.141,225.92c0-8.095,3.091-16.192,9.259-22.366L300.689,9.27c12.359-12.359,32.397-12.359,44.751,0\nc12.354,12.354,12.354,32.388,0,44.748L173.525,225.92l171.903,171.909c12.354,12.354,12.354,32.391,0,44.744\nc-12.354,12.365-32.386,12.365-44.745,0l-194.29-194.281C100.226,242.115,97.141,234.018,97.141,225.92z\"><\/path><\/svg><\/span>\n          <\/a>\n          <a class=\"u-absolute-vcenter u-carousel-control u-carousel-control-next u-icon-circle u-opacity u-opacity-70 u-palette-2-dark-2 u-spacing-10 u-text-white u-carousel-control-2\" href=\"#carousel-6b19\" role=\"button\" data-u-slide=\"next\"><span aria-hidden=\"true\">\n              <svg viewBox=\"0 0 451.846 451.847\"><path d=\"M345.441,248.292L151.154,442.573c-12.359,12.365-32.397,12.365-44.75,0c-12.354-12.354-12.354-32.391,0-44.744\nL278.318,225.92L106.409,54.017c-12.354-12.359-12.354-32.394,0-44.748c12.354-12.359,32.391-12.359,44.75,0l194.287,194.284\nc6.177,6.18,9.262,14.271,9.262,22.366C354.708,234.018,351.617,242.115,345.441,248.292z\"><\/path><\/svg><\/span><span class=\"sr-only\">\n              <svg viewBox=\"0 0 451.846 451.847\"><path d=\"M345.441,248.292L151.154,442.573c-12.359,12.365-32.397,12.365-44.75,0c-12.354-12.354-12.354-32.391,0-44.744\nL278.318,225.92L106.409,54.017c-12.354-12.359-12.354-32.394,0-44.748c12.354-12.359,32.391-12.359,44.75,0l194.287,194.284\nc6.177,6.18,9.262,14.271,9.262,22.366C354.708,234.018,351.617,242.115,345.441,248.292z\"><\/path><\/svg><\/span>\n          <\/a>\n          <ol class=\"u-carousel-thumbnails u-spacing-10 u-carousel-thumbnails-1\">\n            <li class=\"u-active u-carousel-thumbnail u-carousel-thumbnail-1\" data-u-target=\"#carousel-6b19\" data-u-slide-to=\"0\">\n              <img decoding=\"async\" class=\"u-carousel-thumbnail-image u-image\" src=\"https:\/\/cfaebi.pt\/rumo\/wp-content\/uploads\/2026\/03\/1_Visao-globaAlunos-Migrantes-Estabelecimentos-de-Ensino-1.png\">\n            <\/li>\n            <li class=\"u-carousel-thumbnail u-carousel-thumbnail-2\" data-u-target=\"#carousel-6b19\" data-u-slide-to=\"1\">\n              <img decoding=\"async\" class=\"u-carousel-thumbnail-image u-image\" src=\"https:\/\/cfaebi.pt\/rumo\/wp-content\/uploads\/2026\/03\/2_Alunos-Migrantes-por-Estabelecimento-1.png\">\n            <\/li>\n            <li class=\"u-carousel-thumbnail u-carousel-thumbnail-3\" data-u-target=\"#carousel-6b19\" data-u-slide-to=\"2\">\n              <img decoding=\"async\" class=\"u-carousel-thumbnail-image u-image\" src=\"https:\/\/cfaebi.pt\/rumo\/wp-content\/uploads\/2026\/03\/3_Percentagem-de-Alunos-Migrantes-por-Estabelecimento-1.png\">\n            <\/li>\n            <li class=\"u-carousel-thumbnail u-carousel-thumbnail-4\" data-u-target=\"#carousel-6b19\" data-u-slide-to=\"3\">\n              <img decoding=\"async\" class=\"u-carousel-thumbnail-image u-image\" src=\"https:\/\/cfaebi.pt\/rumo\/wp-content\/uploads\/2026\/03\/4_Distribuicao-de-Alunos-Migrantes-por-Estabelecimento-1.png\">\n            <\/li>\n            <li class=\"u-carousel-thumbnail u-carousel-thumbnail-5\" data-u-target=\"#carousel-6b19\" data-u-slide-to=\"4\">\n              <img decoding=\"async\" class=\"u-carousel-thumbnail-image u-image\" src=\"https:\/\/cfaebi.pt\/rumo\/wp-content\/uploads\/2026\/03\/5_Destaques-Percentagens-Mais-Elevadas-1-1.png\">\n            <\/li>\n            <li class=\"u-carousel-thumbnail u-carousel-thumbnail-6\" data-u-target=\"#carousel-6b19\" data-u-slide-to=\"5\">\n              <img decoding=\"async\" class=\"u-carousel-thumbnail-image u-image\" src=\"https:\/\/cfaebi.pt\/rumo\/wp-content\/uploads\/2026\/03\/6_Alunos-Migrantes-por-Concelho-1-1.png\">\n            <\/li>\n            <li class=\"u-carousel-thumbnail u-carousel-thumbnail-7\" data-u-target=\"#carousel-6b19\" data-u-slide-to=\"6\">\n              <img decoding=\"async\" class=\"u-carousel-thumbnail-image u-image\" src=\"https:\/\/cfaebi.pt\/rumo\/wp-content\/uploads\/2026\/03\/7_Distribuicao-de-Alunos-Migrantes-por-Concelho-1.png\">\n            <\/li>\n            <li class=\"u-carousel-thumbnail u-carousel-thumbnail-8\" data-u-target=\"#carousel-6b19\" data-u-slide-to=\"7\">\n              <img decoding=\"async\" class=\"u-carousel-thumbnail-image u-image\" src=\"https:\/\/cfaebi.pt\/rumo\/wp-content\/uploads\/2026\/03\/8_Nota-sobre-a-UBI-Dois-Grupos-de-Alunos-1-1.png\">\n            <\/li>\n            <li class=\"u-carousel-thumbnail u-carousel-thumbnail-9\" data-u-target=\"#carousel-6b19\" data-u-slide-to=\"8\">\n              <img decoding=\"async\" class=\"u-carousel-thumbnail-image u-image\" src=\"https:\/\/cfaebi.pt\/rumo\/wp-content\/uploads\/2026\/03\/9_Percentagem-de-Alunos-Migrantes-por-Concelho-1.png\">\n            <\/li>\n            <li class=\"u-carousel-thumbnail u-carousel-thumbnail-10\" data-u-target=\"#carousel-6b19\" data-u-slide-to=\"9\">\n              <img decoding=\"async\" class=\"u-carousel-thumbnail-image u-image\" src=\"https:\/\/cfaebi.pt\/rumo\/wp-content\/uploads\/2026\/03\/10_Sintese-Global-1-1.png\">\n            <\/li>\n          <\/ol>\n        <\/div>\n      <\/div>\n    <\/section>\n    \n    \n    \n  \n","protected":false},"excerpt":{"rendered":"<p>Observat\u00f3rio dos Alunos Migrantes da Beira Interior Estes dados s\u00e3o recolhidos, periodicamente, a partir das matr\u00edculas dos alunos migrantes, em cada Unidade Org\u00e2nica.&nbsp; Unidades Org\u00e2nicas Dados do Agrupamento de&nbsp;Escolas frei heitor pinto Dados do Agrupamento de&nbsp;Escolas do teixoso Dados da escola secund\u00e1ria&nbsp;quinta das palmeiras Dados do Agrupamento de&nbsp;escolas Gardunha e Xisto Dados da escola secund\u00e1ria&nbsp;campos &hellip; <a href=\"https:\/\/cfaebi.pt\/rumo\/observatorio-dos-alunos-migrantes-na-beira-interior\/\" class=\"more-link\">Continue reading<span class=\"screen-reader-text\"> &#8220;Observat\u00f3rio dos Alunos Migrantes na Beira Interior&#8221;<\/span><\/a><\/p>\n","protected":false},"author":1,"featured_media":0,"parent":0,"menu_order":1,"comment_status":"closed","ping_status":"closed","template":"","meta":{"pagelayer_contact_templates":[],"_pagelayer_content":"","footnotes":""},"class_list":["post-758","page","type-page","status-publish","hentry"],"_links":{"self":[{"href":"https:\/\/cfaebi.pt\/rumo\/wp-json\/wp\/v2\/pages\/758","targetHints":{"allow":["GET"]}}],"collection":[{"href":"https:\/\/cfaebi.pt\/rumo\/wp-json\/wp\/v2\/pages"}],"about":[{"href":"https:\/\/cfaebi.pt\/rumo\/wp-json\/wp\/v2\/types\/page"}],"author":[{"embeddable":true,"href":"https:\/\/cfaebi.pt\/rumo\/wp-json\/wp\/v2\/users\/1"}],"replies":[{"embeddable":true,"href":"https:\/\/cfaebi.pt\/rumo\/wp-json\/wp\/v2\/comments?post=758"}],"version-history":[{"count":20,"href":"https:\/\/cfaebi.pt\/rumo\/wp-json\/wp\/v2\/pages\/758\/revisions"}],"predecessor-version":[{"id":949,"href":"https:\/\/cfaebi.pt\/rumo\/wp-json\/wp\/v2\/pages\/758\/revisions\/949"}],"wp:attachment":[{"href":"https:\/\/cfaebi.pt\/rumo\/wp-json\/wp\/v2\/media?parent=758"}],"curies":[{"name":"wp","href":"https:\/\/api.w.org\/{rel}","templated":true}]}}