{"id":794,"date":"2026-03-09T20:13:13","date_gmt":"2026-03-09T20:13:13","guid":{"rendered":"https:\/\/cfaebi.pt\/rumo\/?page_id=794"},"modified":"2026-03-09T21:30:51","modified_gmt":"2026-03-09T21:30:51","slug":"ods","status":"publish","type":"page","link":"https:\/\/cfaebi.pt\/rumo\/ods\/","title":{"rendered":"ODS"},"content":{"rendered":"\n  \n    \n    <section class=\"u-clearfix u-section-2\" id=\"block-1\">\n      <div class=\"u-clearfix u-sheet u-sheet-1\">\n        <h3 class=\"u-text u-text-default u-text-1\"> Objetivos de Desenvolvimento Sustent\u00e1vel<\/h3>\n        <div class=\"u-shape u-shape-svg u-text-palette-1-base u-shape-1\">\n          <svg class=\"u-svg-link\" preserveAspectRatio=\"none\" viewBox=\"0 0 160 40\" style=\"\"><use xlink:href=\"#svg-893c\"><\/use><\/svg>\n          <svg class=\"u-svg-content\" viewBox=\"0 0 160 40\" x=\"0px\" y=\"0px\" id=\"svg-893c\"><path d=\"M60,20C60,9.1,69.1,0,80,0s20,9.1,20,20s-9.1,20-20,20S60,30.9,60,20z M0,20C0,9.1,9.1,0,20,0s20,9.1,20,20s-9.1,20-20,20\n\tS0,30.9,0,20z M120,20c0-10.9,9.1-20,20-20s20,9.1,20,20s-9.1,20-20,20S120,30.9,120,20z\"><\/path><\/svg>\n        <\/div>\n        <div class=\"u-border-1 u-border-grey-dark-1 u-line u-line-horizontal u-line-1\"><\/div>\n      <\/div>\n    <\/section>\n    <section class=\"u-clearfix u-section-3\" id=\"sec-cb55\">\n      <div class=\"u-clearfix u-sheet u-valign-middle-lg u-valign-middle-md u-valign-middle-sm u-valign-middle-xl u-valign-middle-xs u-sheet-1\">\n        <div class=\"u-expanded-width u-palette-5-dark-1 u-shape u-shape-rectangle u-shape-1\"><\/div>\n        <img decoding=\"async\" class=\"custom-expanded u-image u-image-1\" src=\"https:\/\/cfaebi.pt\/rumo\/wp-content\/uploads\/2026\/03\/logo_ods.svg\" data-image-width=\"150\" data-image-height=\"21\">\n        <p class=\"u-align-justify u-text u-text-1\"> O RUMO, enquanto iniciativa desenvolvida no \u00e2mbito do Centro de Forma\u00e7\u00e3o das Escolas Associadas da Beira Interior (CFAEBI) em rede com as escolas associadas, insere-se numa vis\u00e3o educativa alinhada com os princ\u00edpios da Agenda 2030 das Na\u00e7\u00f5es Unidas e com os Objetivos de Desenvolvimento Sustent\u00e1vel (ODS). Estes objetivos constituem um compromisso global para promover sociedades mais justas, inclusivas e sustent\u00e1veis, reconhecendo o papel fundamental da educa\u00e7\u00e3o na constru\u00e7\u00e3o de um futuro mais equilibrado e solid\u00e1rio. <\/p>\n        <img decoding=\"async\" class=\"u-image u-image-contain u-image-default u-image-2\" src=\"https:\/\/cfaebi.pt\/rumo\/wp-content\/uploads\/2026\/03\/Imagem3.png\" alt=\"\" data-image-width=\"676\" data-image-height=\"338\">\n        <p class=\"u-align-justify u-text u-text-2\"> Neste contexto, o RUMO contribui particularmente para a concretiza\u00e7\u00e3o do ODS 4 \u2013 Educa\u00e7\u00e3o de Qualidade, que visa garantir uma educa\u00e7\u00e3o inclusiva, equitativa, de qualidade e promover oportunidades de aprendizagem ao longo da vida para todos. A presen\u00e7a crescente de alunos provenientes de diferentes contextos culturais e lingu\u00edsticos coloca novos desafios \u00e0s escolas e exige respostas educativas que valorizem a diversidade, promovam a inclus\u00e3o e assegurem condi\u00e7\u00f5es para que todos os alunos possam participar plenamente na vida escolar. O projeto RUMO surge precisamente para colocar as escolas a dialogar nas respostas a dar a estes desafios, promovendo a integra\u00e7\u00e3o de alunos migrantes e incentivando pr\u00e1ticas pedag\u00f3gicas que reforcem a educa\u00e7\u00e3o intercultural, o respeito pela diversidade e a constru\u00e7\u00e3o de comunidades educativas mais inclusivas. Ao estimular o di\u00e1logo entre professores, escolas e comunidade educativa e ao promover a partilha de conhecimento e de experi\u00eancias, o projeto contribui para fortalecer a capacidade das escolas de responder de forma consciente e estruturada \u00e0s realidades sociais emergentes. Ao mesmo tempo, esta a\u00e7\u00e3o articula-se com outros objetivos da Agenda 2030, nomeadamente aqueles que promovem a redu\u00e7\u00e3o das desigualdades e o refor\u00e7o de sociedades mais inclusivas e coesas. Desta forma, o RUMO afirma-se como uma iniciativa que traduz, no plano educativo, os princ\u00edpios de equidade, inclus\u00e3o e respeito pela diversidade que orientam os Objetivos de Desenvolvimento Sustent\u00e1vel. Enquanto parte integrante do CFAEBI, o RUMO refor\u00e7a a convic\u00e7\u00e3o de que a escola desempenha um papel decisivo na constru\u00e7\u00e3o de sociedades mais inclusivas e na forma\u00e7\u00e3o de cidad\u00e3os capazes de compreender e valorizar a diversidade humana. Ao inventariar\/divulgar pr\u00e1ticas educativas que acolhem e integram todos os alunos, o projeto contribui para concretizar, no contexto das escolas da regi\u00e3o, o esp\u00edrito e os objetivos da Agenda 2030. <\/p>\n      <\/div>\n    <\/section>\n    \n    \n    \n  \n","protected":false},"excerpt":{"rendered":"<p>Objetivos de Desenvolvimento Sustent\u00e1vel O RUMO, enquanto iniciativa desenvolvida no \u00e2mbito do Centro de Forma\u00e7\u00e3o das Escolas Associadas da Beira Interior (CFAEBI) em rede com as escolas associadas, insere-se numa vis\u00e3o educativa alinhada com os princ\u00edpios da Agenda 2030 das Na\u00e7\u00f5es Unidas e com os Objetivos de Desenvolvimento Sustent\u00e1vel (ODS). Estes objetivos constituem um compromisso &hellip; <a href=\"https:\/\/cfaebi.pt\/rumo\/ods\/\" class=\"more-link\">Continue reading<span class=\"screen-reader-text\"> &#8220;ODS&#8221;<\/span><\/a><\/p>\n","protected":false},"author":1,"featured_media":0,"parent":0,"menu_order":1,"comment_status":"closed","ping_status":"closed","template":"","meta":{"pagelayer_contact_templates":[],"_pagelayer_content":"","footnotes":""},"class_list":["post-794","page","type-page","status-publish","hentry"],"_links":{"self":[{"href":"https:\/\/cfaebi.pt\/rumo\/wp-json\/wp\/v2\/pages\/794","targetHints":{"allow":["GET"]}}],"collection":[{"href":"https:\/\/cfaebi.pt\/rumo\/wp-json\/wp\/v2\/pages"}],"about":[{"href":"https:\/\/cfaebi.pt\/rumo\/wp-json\/wp\/v2\/types\/page"}],"author":[{"embeddable":true,"href":"https:\/\/cfaebi.pt\/rumo\/wp-json\/wp\/v2\/users\/1"}],"replies":[{"embeddable":true,"href":"https:\/\/cfaebi.pt\/rumo\/wp-json\/wp\/v2\/comments?post=794"}],"version-history":[{"count":3,"href":"https:\/\/cfaebi.pt\/rumo\/wp-json\/wp\/v2\/pages\/794\/revisions"}],"predecessor-version":[{"id":798,"href":"https:\/\/cfaebi.pt\/rumo\/wp-json\/wp\/v2\/pages\/794\/revisions\/798"}],"wp:attachment":[{"href":"https:\/\/cfaebi.pt\/rumo\/wp-json\/wp\/v2\/media?parent=794"}],"curies":[{"name":"wp","href":"https:\/\/api.w.org\/{rel}","templated":true}]}}