{"id":882,"date":"2026-03-10T20:53:51","date_gmt":"2026-03-10T20:53:51","guid":{"rendered":"https:\/\/cfaebi.pt\/rumo\/?page_id=882"},"modified":"2026-03-12T19:40:07","modified_gmt":"2026-03-12T19:40:07","slug":"agrupamento-de-escolas-manteigas","status":"publish","type":"page","link":"https:\/\/cfaebi.pt\/rumo\/observatorio-dos-alunos-migrantes-na-beira-interior\/agrupamento-de-escolas-manteigas\/","title":{"rendered":"Agrupamento de Escolas de Manteigas"},"content":{"rendered":"\n  \n    \n    <section class=\"u-clearfix u-section-2\" id=\"block-4\">\n      <div class=\"u-clearfix u-sheet u-valign-middle-xxl u-sheet-1\">\n        <h3 class=\"u-text u-text-default-lg u-text-default-md u-text-default-sm u-text-default-xl u-text-default-xxl u-text-1\">Observat\u00f3rio dos Alunos Migrantes da Beira Interior <\/h3>\n        <div class=\"u-shape u-shape-svg u-text-palette-1-base u-shape-1\">\n          <svg class=\"u-svg-link\" preserveAspectRatio=\"none\" viewBox=\"0 0 160 40\" style=\"\"><use xlink:href=\"#svg-893c\"><\/use><\/svg>\n          <svg class=\"u-svg-content\" viewBox=\"0 0 160 40\" x=\"0px\" y=\"0px\" id=\"svg-893c\"><path d=\"M60,20C60,9.1,69.1,0,80,0s20,9.1,20,20s-9.1,20-20,20S60,30.9,60,20z M0,20C0,9.1,9.1,0,20,0s20,9.1,20,20s-9.1,20-20,20\n\tS0,30.9,0,20z M120,20c0-10.9,9.1-20,20-20s20,9.1,20,20s-9.1,20-20,20S120,30.9,120,20z\"><\/path><\/svg>\n        <\/div>\n        <a href=\"https:\/\/cfaebi.pt\/rumo\/observatorio-dos-alunos-migrantes-na-beira-interior\/\" class=\"u-btn u-btn-round u-button-style u-hover-palette-1-light-2 u-palette-1-base u-radius u-btn-1\"><span class=\"u-file-icon u-icon u-text-white\"><img decoding=\"async\" src=\"data:image\/png;base64,iVBORw0KGgoAAAANSUhEUgAAAIAAAACACAYAAADDPmHLAAAGqElEQVR4Aeyd26ocRRiFZzSgEiUPoAh6pYIi+gISCPoAHlHQXEjUbQTv9A0EL7xIAhuFqKB44\/kqoAQfwBMi6pWHCx9AVDwzrpV0s3syPT1V1VV\/VXetUGtXH6pr6l\/rm55kZ7P7soX+JHNgtVodhk5AL0OfQr9CX0BnoT3oSLIXd5xYADga5TsM4d6Fa76C9qHHoTuhq6HboePQaehrjLsbfbYmACJbj0APQacw7XnoRmioXYeT5zB+H1pi27wJgIiWI8RDmO4t6GnIJ9ATGL8HmTcBEMnyTvj3Bk75Aua4IfDa4MsEQLB1BxciuPadHxo+JzuML2cg0yYARtodKfx2FUeb+dr95L0AGGFxExY\/88e887sruAI7t0DJW\/sCAqB1wrNPEH67gjvaDYteAAS4nDB8ruY\/frGSAPB0OnH4XM3n\/GIlAeDhtEH4f2A530FmTQA4Wm0QPldybrlc6iOATpQko\/B\/Qc0nIdOmO8AOu43C5yqexbv\/Z25YSgAMuG0Y\/hsI\/9WBpUQ7delEAuBSR5p9w\/DfxEs+BmVpAqDHduPwH8W73\/Qvft2SBUDXDWzXFD7KXQgAutCotvBZtgCgC1CN4aNs3QFoQq3hs\/bq7wA1h189ADWFz7D7VO0dQOFfxKFKABT+xfD5tToAFD5jP1BVACj8g+DbrWoAUPht5Ot9FQAo\/PXQu3uzB0Dhd+Pe3J41AAp\/sdiMfP3IbAFQ+OtBb9ubJQAKf1vcm8dnB4DC3wx56MisAFD4Q1H3n5sNAAq\/P+BdR2cBgMLfFfP285MHQOFvD9flzKQBUPjbI3Y9M1kAFL5rxMPjJgmAwh8O1efs5ABQ+D7x7h47KQAU\/u5AfUdMBgCF7xut2\/hJAKDw3cIMGVU8AAo\/JFb3a4oGQOG7B9mO9O2LBUDh+0YZNr5IABR+WJghVxUHgMIPiTH8mqIAUPjhQYZeWQwACj80wnHXFQGAwh8X4pirswOg8MfEN\/7arAAo\/PEBtjOE9tkAUPihkcW9LhsAKIO\/IDHWkzYwXW\/ja2T9PXy9qyroYBYA8O7nY9LuT+yDwncw2BwAhH891vUilLIpfEd3zQHAuvjI1GvQp2oK38NZUwDw7ufz9Y55rM93qML3dMwUAKztZuhKKEVT+AGuWgOQ6pFo1YYfkPnaJdYArL24dvI7YA1AqkeiPQwrX8ffMS5Hr+bhgDUA32Jtf0IpmiAIcNUUgOVy+S\/W+BGUqgkCT2dNAWjW9gz636BUTRB4OGsOAO4CP2J9z0MpmyBwdNccgGZdZ9B\/AKVsgsDB3SwA4C6wwtr4n0Efok\/ZZgtBLNOyAMDFA4K\/0d8HCQKYkKtlA4AFCwK6kFdZAWDpgoAu5FN2AFh6AwF\/OkgfBzTEUEUAwHoBwT\/oBQFMsGzFAMCiBQFdsFVRALD0DgT6PgENSaziAGC9DQT8J6IgoCEdxd4sEgAWKQjoQnoVCwBLFwR0Ia2KBoClCwK6kE7FA8DSBQFdSKNJAMDSBQFdiK\/JAMDSBQFdiKtJAcDSBQFdiKfJAcDSOxC8z\/2EKubnCVLVOEkAaEYDAX+oRBDQkEBNFgDWKwjowjhNGgCWLgjoQrgmDwBLFwR0IUyzAIClCwK64K\/ZAMDSBQFd8NOsAGDpgoAuuGt2ALD0DgTvcT+hkn+fIOHaL0w9SwBYWQPBA9gWBDBhW5stACxYENCFYc0aAJYuCOjCds0eAJYuCOhCv6oAgKULArqwqWoAYOmCgC6sqyoAWLogoAsHqg4Alj4FCLhOC1UJAI3tQPAu9xOq6G8WVQsAA28geBDb1UJQNQAIflE7BNUDUDsEAoAEQM2dgP93UNXHgQBA+G0DBPxNplVBIADa9Ju+NggEQBN8t8sJQXcdFtsCYIvLxhC8tmUZyQ8LgAGLOxC8MzAsxqlHVqvV8RgT+c4hAHY41kDAbxalhuAlQHDtjuVEPy0AHCw1guAIlnIKMm0CwNFuIwjuwV3A9LE3AsARAA4zgOAqvM5NkFkTAJ5WG0CQ6tF6vZUKgF5bhg+mgKDzivoI6JhR7GZCCFI9Wq\/XS90Bem1xO9iB4G23K3aO+gsjvoHMmgAYaXUDwUOYJgYE55v5MJ1NEwARfG5CGwvB71jKHmTaBEAkuyNA8Bzm+CHScpynEQDOVu0eiAD58wS8E5zGaD4ZDZ1T28coPkoPnW0TAJH9JgTQSUx7FPoeGmo\/4eQxjH8S8gEGl8VpAiCOjxuzINBPcPA26AnoFegziI\/M\/RL9Wegp6FaM+xh9tvY\/AAAA\/\/+de03kAAAABklEQVQDAEtT47FduAeOAAAAAElFTkSuQmCC\" alt=\"\"><\/span>&nbsp;Voltar&nbsp; \n        <\/a>\n        <div class=\"u-align-left u-border-1 u-border-grey-dark-1 u-expanded-width-md u-expanded-width-sm u-expanded-width-xs u-line u-line-horizontal u-line-1\"><\/div>\n        <p class=\"u-align-justify u-text u-text-2\">Estes dados s\u00e3o recolhidos, periodicamente, a partir das matr\u00edculas dos alunos migrantes, em cada Unidade Org\u00e2nica.&nbsp;<\/p>\n      <\/div>\n    <\/section>\n    <section class=\"u-align-center u-clearfix u-container-align-center u-grey-90 u-section-3\" id=\"sec-c4b4\">\n      <div class=\"u-container-style u-expanded-width u-group u-white u-group-1\">\n        <div class=\"u-container-layout u-container-layout-1\">\n          <div class=\"u-expanded-width u-palette-5-dark-1 u-shape u-shape-rectangle u-shape-1\"><\/div>\n          <h4 class=\"u-text u-text-default-lg u-text-default-md u-text-default-sm u-text-default-xl u-text-default-xxl u-text-white u-text-1\">Agrupamento de Escolas de Manteigas<\/h4>\n          <div class=\"u-border-7 u-border-white u-line u-line-horizontal u-line-1\"><\/div>\n          <div class=\"custom-expanded u-align-center u-carousel u-gallery u-layout-thumbnails u-lightbox u-no-transition u-show-text-always u-gallery-1\" data-interval=\"5000\" data-u-ride=\"carousel\" id=\"carousel-7d44\">\n            <div class=\"u-carousel-inner u-gallery-inner u-gallery-inner-1\" role=\"listbox\">\n              <div class=\"u-active u-carousel-item u-gallery-item u-carousel-item-1\">\n                <div class=\"u-back-slide\" data-image-width=\"1592\" data-image-height=\"851\">\n                  <img decoding=\"async\" class=\"u-back-image u-expanded u-image-contain\" src=\"https:\/\/cfaebi.pt\/rumo\/wp-content\/uploads\/2026\/03\/infografico_manteigas_colorido.png\">\n                <\/div>\n                <div class=\"u-container-align-center u-over-slide u-over-slide-1\">\n                  <h3 class=\"u-align-center u-gallery-heading\" style=\"margin-right: -795px; margin-left: -795px;\">Amostra de T\u00edtulo<\/h3>\n                  <p class=\"u-align-center u-gallery-text\" style=\"margin-right: -795px; margin-left: -795px;\">Amostra de Texto<\/p>\n                <\/div>\n              <\/div>\n              <div class=\"u-carousel-item u-gallery-item u-carousel-item-2\">\n                <div class=\"u-back-slide\" data-image-width=\"1920\" data-image-height=\"1080\">\n                  <img decoding=\"async\" class=\"u-back-image u-expanded u-image-contain\" src=\"https:\/\/cfaebi.pt\/rumo\/wp-content\/uploads\/2026\/03\/manteigas_alunos_por_nacionalidade.png\">\n                <\/div>\n                <div class=\"u-container-align-center u-over-slide u-over-slide-2\">\n                  <h3 class=\"u-align-center u-gallery-heading\">Amostra de T\u00edtulo<\/h3>\n                  <p class=\"u-align-center u-gallery-text\">Amostra de Texto<\/p>\n                <\/div>\n              <\/div>\n              <div class=\"u-carousel-item u-gallery-item u-carousel-item-3\" data-image-width=\"1920\" data-image-height=\"1080\">\n                <div class=\"u-back-slide\" data-image-width=\"1920\" data-image-height=\"1080\">\n                  <img decoding=\"async\" class=\"u-back-image u-expanded u-image-contain\" src=\"https:\/\/cfaebi.pt\/rumo\/wp-content\/uploads\/2026\/03\/manteigas_faixa_etaria.png\">\n                <\/div>\n                <div class=\"u-container-align-center u-over-slide u-over-slide-3\"><\/div>\n                <style data-mode=\"XXL\" data-visited=\"true\"><\/style>\n                <style data-mode=\"XL\" data-visited=\"true\"><\/style>\n                <style data-mode=\"LG\" data-visited=\"true\"><\/style>\n                <style data-mode=\"MD\" data-visited=\"true\"><\/style>\n                <style data-mode=\"SM\" data-visited=\"true\"><\/style>\n                <style data-mode=\"XS\" data-visited=\"true\"><\/style>\n              <\/div>\n              <div class=\"u-carousel-item u-gallery-item u-carousel-item-4\" data-image-width=\"1000\" data-image-height=\"600\">\n                <div class=\"u-back-slide\" data-image-width=\"1920\" data-image-height=\"1080\">\n                  <img decoding=\"async\" class=\"u-back-image u-expanded u-image-contain\" src=\"https:\/\/cfaebi.pt\/rumo\/wp-content\/uploads\/2026\/03\/manteigas_genero_por_nacionalidade.png\">\n                <\/div>\n                <div class=\"u-container-align-center u-over-slide u-over-slide-4\"><\/div>\n                <style data-mode=\"XXL\" data-visited=\"true\"><\/style>\n                <style data-mode=\"XL\" data-visited=\"true\"><\/style>\n                <style data-mode=\"LG\" data-visited=\"true\"><\/style>\n                <style data-mode=\"MD\" data-visited=\"true\"><\/style>\n                <style data-mode=\"SM\" data-visited=\"true\"><\/style>\n                <style data-mode=\"XS\" data-visited=\"true\"><\/style>\n              <\/div>\n            <\/div>\n            <a class=\"u-carousel-control u-carousel-control-prev u-grey-70 u-icon-circle u-opacity u-opacity-70 u-spacing-10 u-text-white u-carousel-control-1\" href=\"#carousel-7d44\" role=\"button\" data-u-slide=\"prev\"><span aria-hidden=\"true\">\n                <svg viewBox=\"0 0 451.847 451.847\"><path d=\"M97.141,225.92c0-8.095,3.091-16.192,9.259-22.366L300.689,9.27c12.359-12.359,32.397-12.359,44.751,0\nc12.354,12.354,12.354,32.388,0,44.748L173.525,225.92l171.903,171.909c12.354,12.354,12.354,32.391,0,44.744\nc-12.354,12.365-32.386,12.365-44.745,0l-194.29-194.281C100.226,242.115,97.141,234.018,97.141,225.92z\"><\/path><\/svg><\/span><span class=\"sr-only\">\n                <svg viewBox=\"0 0 451.847 451.847\"><path d=\"M97.141,225.92c0-8.095,3.091-16.192,9.259-22.366L300.689,9.27c12.359-12.359,32.397-12.359,44.751,0\nc12.354,12.354,12.354,32.388,0,44.748L173.525,225.92l171.903,171.909c12.354,12.354,12.354,32.391,0,44.744\nc-12.354,12.365-32.386,12.365-44.745,0l-194.29-194.281C100.226,242.115,97.141,234.018,97.141,225.92z\"><\/path><\/svg><\/span>\n            <\/a>\n            <a class=\"u-carousel-control u-carousel-control-next u-grey-70 u-icon-circle u-opacity u-opacity-70 u-spacing-10 u-text-white u-carousel-control-2\" href=\"#carousel-7d44\" role=\"button\" data-u-slide=\"next\"><span aria-hidden=\"true\">\n                <svg viewBox=\"0 0 451.846 451.847\"><path d=\"M345.441,248.292L151.154,442.573c-12.359,12.365-32.397,12.365-44.75,0c-12.354-12.354-12.354-32.391,0-44.744\nL278.318,225.92L106.409,54.017c-12.354-12.359-12.354-32.394,0-44.748c12.354-12.359,32.391-12.359,44.75,0l194.287,194.284\nc6.177,6.18,9.262,14.271,9.262,22.366C354.708,234.018,351.617,242.115,345.441,248.292z\"><\/path><\/svg><\/span><span class=\"sr-only\">\n                <svg viewBox=\"0 0 451.846 451.847\"><path d=\"M345.441,248.292L151.154,442.573c-12.359,12.365-32.397,12.365-44.75,0c-12.354-12.354-12.354-32.391,0-44.744\nL278.318,225.92L106.409,54.017c-12.354-12.359-12.354-32.394,0-44.748c12.354-12.359,32.391-12.359,44.75,0l194.287,194.284\nc6.177,6.18,9.262,14.271,9.262,22.366C354.708,234.018,351.617,242.115,345.441,248.292z\"><\/path><\/svg><\/span>\n            <\/a>\n            <ol class=\"u-carousel-thumbnails u-spacing-10 u-carousel-thumbnails-1\">\n              <li class=\"u-active u-carousel-thumbnail u-carousel-thumbnail-1\" data-u-target=\"#carousel-7d44\" data-u-slide-to=\"0\">\n                <img decoding=\"async\" class=\"u-carousel-thumbnail-image u-image\" src=\"https:\/\/cfaebi.pt\/rumo\/wp-content\/uploads\/2026\/03\/infografico_manteigas_colorido.png\">\n              <\/li>\n              <li class=\"u-carousel-thumbnail u-carousel-thumbnail-2\" data-u-target=\"#carousel-7d44\" data-u-slide-to=\"1\">\n                <img decoding=\"async\" class=\"u-carousel-thumbnail-image u-image\" src=\"https:\/\/cfaebi.pt\/rumo\/wp-content\/uploads\/2026\/03\/manteigas_alunos_por_nacionalidade.png\">\n              <\/li>\n              <li class=\"u-carousel-thumbnail u-carousel-thumbnail-3\" data-u-target=\"#carousel-7d44\" data-u-slide-to=\"2\">\n                <img decoding=\"async\" class=\"u-carousel-thumbnail-image u-image\" src=\"https:\/\/cfaebi.pt\/rumo\/wp-content\/uploads\/2026\/03\/manteigas_faixa_etaria.png\">\n              <\/li>\n              <li class=\"u-carousel-thumbnail u-carousel-thumbnail-4\" data-u-target=\"#carousel-7d44\" data-u-slide-to=\"3\">\n                <img decoding=\"async\" class=\"u-carousel-thumbnail-image u-image\" src=\"https:\/\/cfaebi.pt\/rumo\/wp-content\/uploads\/2026\/03\/manteigas_genero_por_nacionalidade.png\">\n              <\/li>\n            <\/ol>\n          <\/div>\n        <\/div>\n      <\/div>\n    <\/section>\n    \n    \n    \n  \n","protected":false},"excerpt":{"rendered":"<p>Observat\u00f3rio dos Alunos Migrantes da Beira Interior &nbsp;Voltar&nbsp; Estes dados s\u00e3o recolhidos, periodicamente, a partir das matr\u00edculas dos alunos migrantes, em cada Unidade Org\u00e2nica.&nbsp; Agrupamento de Escolas de Manteigas Amostra de T\u00edtulo Amostra de Texto Amostra de T\u00edtulo Amostra de Texto<\/p>\n","protected":false},"author":1,"featured_media":0,"parent":758,"menu_order":1,"comment_status":"closed","ping_status":"closed","template":"","meta":{"pagelayer_contact_templates":[],"_pagelayer_content":"","footnotes":""},"class_list":["post-882","page","type-page","status-publish","hentry"],"_links":{"self":[{"href":"https:\/\/cfaebi.pt\/rumo\/wp-json\/wp\/v2\/pages\/882","targetHints":{"allow":["GET"]}}],"collection":[{"href":"https:\/\/cfaebi.pt\/rumo\/wp-json\/wp\/v2\/pages"}],"about":[{"href":"https:\/\/cfaebi.pt\/rumo\/wp-json\/wp\/v2\/types\/page"}],"author":[{"embeddable":true,"href":"https:\/\/cfaebi.pt\/rumo\/wp-json\/wp\/v2\/users\/1"}],"replies":[{"embeddable":true,"href":"https:\/\/cfaebi.pt\/rumo\/wp-json\/wp\/v2\/comments?post=882"}],"version-history":[{"count":2,"href":"https:\/\/cfaebi.pt\/rumo\/wp-json\/wp\/v2\/pages\/882\/revisions"}],"predecessor-version":[{"id":884,"href":"https:\/\/cfaebi.pt\/rumo\/wp-json\/wp\/v2\/pages\/882\/revisions\/884"}],"up":[{"embeddable":true,"href":"https:\/\/cfaebi.pt\/rumo\/wp-json\/wp\/v2\/pages\/758"}],"wp:attachment":[{"href":"https:\/\/cfaebi.pt\/rumo\/wp-json\/wp\/v2\/media?parent=882"}],"curies":[{"name":"wp","href":"https:\/\/api.w.org\/{rel}","templated":true}]}}